{"id":972,"date":"2024-06-04T22:31:40","date_gmt":"2024-06-04T20:31:40","guid":{"rendered":"https:\/\/www.jankaras.sk\/?page_id=972"},"modified":"2025-07-02T12:05:04","modified_gmt":"2025-07-02T10:05:04","slug":"zasady-ochrany-osobnych-udajov","status":"publish","type":"page","link":"https:\/\/www.jankaras.sk\/ua\/zasady-ochrany-osobnych-udajov\/","title":{"rendered":"Z\u00e1sady ochrany osobn\u00fdch \u00fadajov (GDPR)"},"content":{"rendered":"\t\t<div data-elementor-type=\"wp-page\" data-elementor-id=\"972\" class=\"elementor elementor-972\" data-elementor-post-type=\"page\">\n\t\t\t\t<div class=\"elementor-element elementor-element-dd94d8c e-flex e-con-boxed e-con e-parent\" data-id=\"dd94d8c\" data-element_type=\"container\" data-e-type=\"container\" data-settings=\"{&quot;background_background&quot;:&quot;classic&quot;}\">\n\t\t\t\t\t<div class=\"e-con-inner\">\n\t\t\t\t<div class=\"elementor-element elementor-element-eab7445 animated-slow elementor-invisible elementor-widget elementor-widget-heading\" data-id=\"eab7445\" data-element_type=\"widget\" data-e-type=\"widget\" data-settings=\"{&quot;_animation&quot;:&quot;slideInUp&quot;}\" data-widget_type=\"heading.default\">\n\t\t\t\t<div class=\"elementor-widget-container\">\n\t\t\t\t\t<h5 class=\"elementor-heading-title elementor-size-default\">Z\u00e1sady ochrany osobn\u00fdch \u00fadajov (GDPR)<\/h5>\t\t\t\t<\/div>\n\t\t\t\t<\/div>\n\t\t\t\t\t<\/div>\n\t\t\t\t<\/div>\n\t\t<div class=\"elementor-element elementor-element-ab3fb58 e-flex e-con-boxed e-con e-parent\" data-id=\"ab3fb58\" data-element_type=\"container\" data-e-type=\"container\" data-settings=\"{&quot;background_background&quot;:&quot;classic&quot;}\">\n\t\t\t\t\t<div class=\"e-con-inner\">\n\t\t<div class=\"elementor-element elementor-element-74a904d e-con-full e-flex e-con e-child\" data-id=\"74a904d\" data-element_type=\"container\" data-e-type=\"container\">\n\t\t\t\t<div class=\"elementor-element elementor-element-d271784 animated-slow elementor-invisible elementor-widget elementor-widget-text-editor\" data-id=\"d271784\" data-element_type=\"widget\" data-e-type=\"widget\" data-settings=\"{&quot;_animation&quot;:&quot;fadeInUp&quot;}\" data-widget_type=\"text-editor.default\">\n\t\t\t\t<div class=\"elementor-widget-container\">\n\t\t\t\t\t\t\t\t\t<ol><li><h3><span style=\"color: #4c5a13;\"><b> Prev\u00e1dzkovate\u013e osobn\u00fdch \u00fadajov<\/b><\/span><\/h3><\/li><\/ol><p><span style=\"font-weight: 400;\">Prev\u00e1dzkovate\u013eom osobn\u00fdch \u00fadajov je ob\u010dianske zdru\u017eenie <\/span><b>Centrum pre deti a rodiny DRaK<\/b><span style=\"font-weight: 400;\">, Hlavn\u00e1 18,\u00a0 080 01 Pre\u0161ov, I\u010cO: 37793012, DI\u010c: 2021637156, zap\u00edsan\u00e9 v registri ob\u010dianskych zdru\u017een\u00ed vedenom Ministerstvom vn\u00fatra Slovenskej republiky.<\/span><\/p><ol start=\"2\"><li><h3><span style=\"color: #4c5a13;\"><b>Z\u00e1sady ochrany osobn\u00fdch \u00fadajov<\/b><\/span><\/h3><\/li><\/ol><p><span style=\"font-weight: 400;\">Ob\u010dianske zdru\u017eenie <\/span><b>Centrum pre deti a rodiny DRaK<\/b><span style=\"font-weight: 400;\"> (\u010falej len \u201ezdru\u017eenie\u201c) sa zav\u00e4zuje chr\u00e1ni\u0165 va\u0161e osobn\u00e9 \u00fadaje v s\u00falade s nariaden\u00edm (E\u00da) 2016\/679 o ochrane fyzick\u00fdch os\u00f4b pri spracovan\u00ed osobn\u00fdch \u00fadajov (GDPR) a so z\u00e1konom \u010d. 18\/2018 Z.z. o ochrane osobn\u00fdch \u00fadajov.<\/span><\/p><ol start=\"3\"><li><h3><span style=\"color: #4c5a13;\"><b> Ak\u00e9 \u00fadaje zhroma\u017e\u010fujeme<\/b><\/span><\/h3><\/li><\/ol><p><span style=\"font-weight: 400;\">Na na\u0161ej webovej str\u00e1nke jankaras.sk m\u00f4\u017eeme zhroma\u017e\u010fova\u0165 nasleduj\u00face osobn\u00e9 \u00fadaje:<\/span><\/p><ul><li style=\"font-weight: 400;\" aria-level=\"1\"><span style=\"font-weight: 400;\">Meno a priezvisko<\/span><\/li><li style=\"font-weight: 400;\" aria-level=\"1\"><span style=\"font-weight: 400;\">E-mailov\u00e1 adresa<\/span><\/li><li style=\"font-weight: 400;\" aria-level=\"1\"><span style=\"font-weight: 400;\">Telef\u00f3nne \u010d\u00edslo<\/span><\/li><li style=\"font-weight: 400;\" aria-level=\"1\"><span style=\"font-weight: 400;\">Po\u0161tov\u00e1 adresa<\/span><\/li><li style=\"font-weight: 400;\" aria-level=\"1\"><span style=\"font-weight: 400;\">IP adresa a inform\u00e1cie o pou\u017e\u00edvan\u00ed webovej str\u00e1nky<\/span><\/li><\/ul><ol start=\"4\"><li><h3><span style=\"color: #4c5a13;\"><b> \u00da\u010del spracovania osobn\u00fdch \u00fadajov<\/b><\/span><\/h3><\/li><\/ol><p><span style=\"font-weight: 400;\">Va\u0161e osobn\u00e9 \u00fadaje sprac\u00favame na nasleduj\u00face \u00fa\u010dely:<\/span><\/p><ul><li style=\"font-weight: 400;\" aria-level=\"1\"><span style=\"font-weight: 400;\">Poskytovanie inform\u00e1ci\u00ed o na\u0161ich aktivit\u00e1ch a podujatiach<\/span><\/li><li style=\"font-weight: 400;\" aria-level=\"1\"><span style=\"font-weight: 400;\">Komunik\u00e1cia a odpovedanie na va\u0161e dotazy<\/span><\/li><li style=\"font-weight: 400;\" aria-level=\"1\"><span style=\"font-weight: 400;\">Zasielanie newsletterov a marketingov\u00fdch materi\u00e1lov<\/span><\/li><li style=\"font-weight: 400;\" aria-level=\"1\"><span style=\"font-weight: 400;\">Zlep\u0161ovanie na\u0161ich slu\u017eieb a webovej str\u00e1nky<\/span><\/li><li style=\"font-weight: 400;\" aria-level=\"1\"><span style=\"font-weight: 400;\">Plnenie na\u0161ich z\u00e1konn\u00fdch povinnost\u00ed<\/span><\/li><\/ul><ol start=\"5\"><li><h3><span style=\"color: #4c5a13;\"><b> Pr\u00e1vny z\u00e1klad spracovania<\/b><\/span><\/h3><\/li><\/ol><p><span style=\"font-weight: 400;\">Va\u0161e osobn\u00e9 \u00fadaje sprac\u00favame na z\u00e1klade v\u00e1\u0161ho s\u00fahlasu, ktor\u00fd m\u00f4\u017eete kedyko\u013evek odvola\u0165, na z\u00e1klade plnenia zmluvy, z\u00e1konn\u00fdch povinnost\u00ed alebo na z\u00e1klade opr\u00e1vnen\u00fdch z\u00e1ujmov zdru\u017eenia.<\/span><\/p><ol start=\"6\"><li><h3><span style=\"color: #4c5a13;\"><b> Uchov\u00e1vanie osobn\u00fdch \u00fadajov<\/b><\/span><\/h3><\/li><\/ol><p><span style=\"font-weight: 400;\">Va\u0161e osobn\u00e9 \u00fadaje uchov\u00e1vame len po dobu, ktor\u00e1 je nevyhnutn\u00e1 na splnenie \u00fa\u010delov, na ktor\u00e9 boli zhroma\u017eden\u00e9, alebo v s\u00falade s platn\u00fdmi z\u00e1konmi.<\/span><\/p><ol start=\"7\"><li><h3><span style=\"color: #4c5a13;\"><b> Pr\u00e1va dotknut\u00fdch os\u00f4b<\/b><\/span><\/h3><\/li><\/ol><p><span style=\"font-weight: 400;\">M\u00e1te pr\u00e1vo na pr\u00edstup k va\u0161im osobn\u00fdm \u00fadajom, ich opravu, vymazanie, obmedzenie spracovania, prenosnos\u0165 \u00fadajov a pr\u00e1vo namieta\u0165 proti spracovaniu. Ak si \u017eel\u00e1te uplatni\u0165 svoje pr\u00e1va, m\u00f4\u017eete n\u00e1s kontaktova\u0165 na e-mailovej adrese: [v\u00e1\u0161 e-mail].<\/span><\/p><ol start=\"8\"><li><h3><span style=\"color: #4c5a13;\"><b> Zdie\u013eanie a prenos osobn\u00fdch \u00fadajov<\/b><\/span><\/h3><\/li><\/ol><p><span style=\"font-weight: 400;\">Va\u0161e osobn\u00e9 \u00fadaje nezdie\u013eame s tret\u00edmi stranami, okrem pr\u00edpadov, ke\u010f je to nevyhnutn\u00e9 na splnenie na\u0161ich z\u00e1konn\u00fdch povinnost\u00ed alebo na z\u00e1klade v\u00e1\u0161ho s\u00fahlasu.<\/span><\/p><ol start=\"9\"><li><h3><span style=\"color: #4c5a13;\"><strong> Bezpe\u010dnos\u0165 osobn\u00fdch \u00fadajov<\/strong><\/span><\/h3><\/li><\/ol><p><span style=\"font-weight: 400;\">Prij\u00edmame primeran\u00e9 technick\u00e9 a organiza\u010dn\u00e9 opatrenia na ochranu va\u0161ich osobn\u00fdch \u00fadajov pred neopr\u00e1vnen\u00fdm pr\u00edstupom, zneu\u017eit\u00edm alebo stratou.<\/span><\/p><ol start=\"10\"><li><h3><span style=\"color: #4c5a13;\"><b> Zmeny v z\u00e1sad\u00e1ch ochrany osobn\u00fdch \u00fadajov<\/b><\/span><\/h3><\/li><\/ol><p><span style=\"font-weight: 400;\">Tieto z\u00e1sady ochrany osobn\u00fdch \u00fadajov m\u00f4\u017eeme z \u010dasu na \u010das aktualizova\u0165. Ak\u00e9ko\u013evek zmeny bud\u00fa zverejnen\u00e9 na na\u0161ej webovej str\u00e1nke.<\/span><\/p><ol start=\"11\"><li><h3><span style=\"color: #4c5a13;\"><b> Kontakt<\/b><\/span><\/h3><\/li><\/ol><p><span style=\"font-weight: 400;\">Ak m\u00e1te ak\u00e9ko\u013evek ot\u00e1zky t\u00fdkaj\u00face sa ochrany osobn\u00fdch \u00fadajov, m\u00f4\u017eete n\u00e1s kontaktova\u0165 na e-mailovej adrese: <a href=\"mailto:info@jankaras.sk\"><strong>info@jankaras.sk<\/strong><\/a><\/span><\/p>\t\t\t\t\t\t\t\t<\/div>\n\t\t\t\t<\/div>\n\t\t\t\t<\/div>\n\t\t\t\t\t<\/div>\n\t\t\t\t<\/div>\n\t\t\t\t<\/div>\n\t\t","protected":false},"excerpt":{"rendered":"<p>Z\u00e1sady ochrany osobn\u00fdch \u00fadajov (GDPR) Prev\u00e1dzkovate\u013e osobn\u00fdch \u00fadajov Prev\u00e1dzkovate\u013eom osobn\u00fdch \u00fadajov je ob\u010dianske zdru\u017eenie Centrum pre deti a rodiny DRaK, Hlavn\u00e1 18,\u00a0 080 01 Pre\u0161ov, I\u010cO: 37793012, DI\u010c: 2021637156, zap\u00edsan\u00e9 v registri ob\u010dianskych zdru\u017een\u00ed vedenom Ministerstvom vn\u00fatra Slovenskej republiky. Z\u00e1sady ochrany osobn\u00fdch \u00fadajov Ob\u010dianske zdru\u017eenie Centrum pre deti a rodiny DRaK (\u010falej len \u201ezdru\u017eenie\u201c) sa [&hellip;]<\/p>\n","protected":false},"author":2,"featured_media":964,"parent":0,"menu_order":0,"comment_status":"closed","ping_status":"open","template":"elementor_header_footer","meta":{"footnotes":""},"class_list":["post-972","page","type-page","status-publish","has-post-thumbnail","hentry"],"yoast_head":"<!-- This site is optimized with the Yoast SEO plugin v27.5 - https:\/\/yoast.com\/product\/yoast-seo-wordpress\/ -->\n<title>Z\u00e1sady ochrany osobn\u00fdch \u00fadajov (GDPR) - PhDr. J\u00e1n Karas<\/title>\n<meta name=\"description\" content=\"PhDr. J\u00e1n Karas - L\u00e1skavos\u0165 a empatia. P\u00e1rov\u00fd poradca, medi\u00e1tor, kr\u00edzov\u00fd intervent, lektor - Pre\u0161ov\" \/>\n<meta name=\"robots\" content=\"index, follow, max-snippet:-1, max-image-preview:large, max-video-preview:-1\" \/>\n<link rel=\"canonical\" href=\"https:\/\/www.jankaras.sk\/ua\/zasady-ochrany-osobnych-udajov\/\" \/>\n<meta property=\"og:locale\" content=\"uk_UA\" \/>\n<meta property=\"og:type\" content=\"article\" \/>\n<meta property=\"og:title\" content=\"Z\u00e1sady ochrany osobn\u00fdch \u00fadajov (GDPR) - PhDr. J\u00e1n Karas\" \/>\n<meta property=\"og:description\" content=\"PhDr. J\u00e1n Karas - L\u00e1skavos\u0165 a empatia. P\u00e1rov\u00fd poradca, medi\u00e1tor, kr\u00edzov\u00fd intervent, lektor - Pre\u0161ov\" \/>\n<meta property=\"og:url\" content=\"https:\/\/www.jankaras.sk\/ua\/zasady-ochrany-osobnych-udajov\/\" \/>\n<meta property=\"og:site_name\" content=\"PhDr. J\u00e1n Karas\" \/>\n<meta property=\"article:modified_time\" content=\"2025-07-02T10:05:04+00:00\" \/>\n<meta property=\"og:image\" content=\"https:\/\/www.jankaras.sk\/wp-content\/uploads\/2024\/06\/jan-karas-ikona-kontakt.jpg\" \/>\n\t<meta property=\"og:image:width\" content=\"300\" \/>\n\t<meta property=\"og:image:height\" content=\"300\" \/>\n\t<meta property=\"og:image:type\" content=\"image\/jpeg\" \/>\n<meta name=\"twitter:card\" content=\"summary_large_image\" \/>\n<meta name=\"twitter:label1\" content=\"\u041f\u0440\u0438\u0431\u043b. \u0447\u0430\u0441 \u0447\u0438\u0442\u0430\u043d\u043d\u044f\" \/>\n\t<meta name=\"twitter:data1\" content=\"2 \u0445\u0432\u0438\u043b\u0438\u043d\u0438\" \/>\n<script type=\"application\/ld+json\" class=\"yoast-schema-graph\">{\"@context\":\"https:\\\/\\\/schema.org\",\"@graph\":[{\"@type\":\"WebPage\",\"@id\":\"https:\\\/\\\/www.jankaras.sk\\\/zasady-ochrany-osobnych-udajov\\\/\",\"url\":\"https:\\\/\\\/www.jankaras.sk\\\/zasady-ochrany-osobnych-udajov\\\/\",\"name\":\"Z\u00e1sady ochrany osobn\u00fdch \u00fadajov (GDPR) - PhDr. J\u00e1n Karas\",\"isPartOf\":{\"@id\":\"https:\\\/\\\/www.jankaras.sk\\\/#website\"},\"primaryImageOfPage\":{\"@id\":\"https:\\\/\\\/www.jankaras.sk\\\/zasady-ochrany-osobnych-udajov\\\/#primaryimage\"},\"image\":{\"@id\":\"https:\\\/\\\/www.jankaras.sk\\\/zasady-ochrany-osobnych-udajov\\\/#primaryimage\"},\"thumbnailUrl\":\"https:\\\/\\\/www.jankaras.sk\\\/wp-content\\\/uploads\\\/2024\\\/06\\\/jan-karas-ikona-kontakt.jpg\",\"datePublished\":\"2024-06-04T20:31:40+00:00\",\"dateModified\":\"2025-07-02T10:05:04+00:00\",\"description\":\"PhDr. J\u00e1n Karas - L\u00e1skavos\u0165 a empatia. P\u00e1rov\u00fd poradca, medi\u00e1tor, kr\u00edzov\u00fd intervent, lektor - Pre\u0161ov\",\"breadcrumb\":{\"@id\":\"https:\\\/\\\/www.jankaras.sk\\\/zasady-ochrany-osobnych-udajov\\\/#breadcrumb\"},\"inLanguage\":\"uk\",\"potentialAction\":[{\"@type\":\"ReadAction\",\"target\":[\"https:\\\/\\\/www.jankaras.sk\\\/zasady-ochrany-osobnych-udajov\\\/\"]}]},{\"@type\":\"ImageObject\",\"inLanguage\":\"uk\",\"@id\":\"https:\\\/\\\/www.jankaras.sk\\\/zasady-ochrany-osobnych-udajov\\\/#primaryimage\",\"url\":\"https:\\\/\\\/www.jankaras.sk\\\/wp-content\\\/uploads\\\/2024\\\/06\\\/jan-karas-ikona-kontakt.jpg\",\"contentUrl\":\"https:\\\/\\\/www.jankaras.sk\\\/wp-content\\\/uploads\\\/2024\\\/06\\\/jan-karas-ikona-kontakt.jpg\",\"width\":300,\"height\":300},{\"@type\":\"BreadcrumbList\",\"@id\":\"https:\\\/\\\/www.jankaras.sk\\\/zasady-ochrany-osobnych-udajov\\\/#breadcrumb\",\"itemListElement\":[{\"@type\":\"ListItem\",\"position\":1,\"name\":\"Domovsk\u00e1 str\u00e1nka\",\"item\":\"https:\\\/\\\/www.jankaras.sk\\\/\"},{\"@type\":\"ListItem\",\"position\":2,\"name\":\"Z\u00e1sady ochrany osobn\u00fdch \u00fadajov (GDPR)\"}]},{\"@type\":\"WebSite\",\"@id\":\"https:\\\/\\\/www.jankaras.sk\\\/#website\",\"url\":\"https:\\\/\\\/www.jankaras.sk\\\/\",\"name\":\"PhDr. J\u00e1n Karas\",\"description\":\"l\u00e1skavos\u0165 a\u00a0empatia\",\"publisher\":{\"@id\":\"https:\\\/\\\/www.jankaras.sk\\\/#organization\"},\"potentialAction\":[{\"@type\":\"SearchAction\",\"target\":{\"@type\":\"EntryPoint\",\"urlTemplate\":\"https:\\\/\\\/www.jankaras.sk\\\/?s={search_term_string}\"},\"query-input\":{\"@type\":\"PropertyValueSpecification\",\"valueRequired\":true,\"valueName\":\"search_term_string\"}}],\"inLanguage\":\"uk\"},{\"@type\":\"Organization\",\"@id\":\"https:\\\/\\\/www.jankaras.sk\\\/#organization\",\"name\":\"PhDr. J\u00e1n Karas\",\"url\":\"https:\\\/\\\/www.jankaras.sk\\\/\",\"logo\":{\"@type\":\"ImageObject\",\"inLanguage\":\"uk\",\"@id\":\"https:\\\/\\\/www.jankaras.sk\\\/#\\\/schema\\\/logo\\\/image\\\/\",\"url\":\"https:\\\/\\\/www.jankaras.sk\\\/wp-content\\\/uploads\\\/2024\\\/06\\\/jankaras-logo-header.png\",\"contentUrl\":\"https:\\\/\\\/www.jankaras.sk\\\/wp-content\\\/uploads\\\/2024\\\/06\\\/jankaras-logo-header.png\",\"width\":500,\"height\":167,\"caption\":\"PhDr. J\u00e1n Karas\"},\"image\":{\"@id\":\"https:\\\/\\\/www.jankaras.sk\\\/#\\\/schema\\\/logo\\\/image\\\/\"}}]}<\/script>\n<!-- \/ Yoast SEO plugin. -->","yoast_head_json":{"title":"Z\u00e1sady ochrany osobn\u00fdch \u00fadajov (GDPR) - PhDr. J\u00e1n Karas","description":"PhDr. J\u00e1n Karas - L\u00e1skavos\u0165 a empatia. P\u00e1rov\u00fd poradca, medi\u00e1tor, kr\u00edzov\u00fd intervent, lektor - Pre\u0161ov","robots":{"index":"index","follow":"follow","max-snippet":"max-snippet:-1","max-image-preview":"max-image-preview:large","max-video-preview":"max-video-preview:-1"},"canonical":"https:\/\/www.jankaras.sk\/ua\/zasady-ochrany-osobnych-udajov\/","og_locale":"uk_UA","og_type":"article","og_title":"Z\u00e1sady ochrany osobn\u00fdch \u00fadajov (GDPR) - PhDr. J\u00e1n Karas","og_description":"PhDr. J\u00e1n Karas - L\u00e1skavos\u0165 a empatia. P\u00e1rov\u00fd poradca, medi\u00e1tor, kr\u00edzov\u00fd intervent, lektor - Pre\u0161ov","og_url":"https:\/\/www.jankaras.sk\/ua\/zasady-ochrany-osobnych-udajov\/","og_site_name":"PhDr. J\u00e1n Karas","article_modified_time":"2025-07-02T10:05:04+00:00","og_image":[{"width":300,"height":300,"url":"https:\/\/www.jankaras.sk\/wp-content\/uploads\/2024\/06\/jan-karas-ikona-kontakt.jpg","type":"image\/jpeg"}],"twitter_card":"summary_large_image","twitter_misc":{"\u041f\u0440\u0438\u0431\u043b. \u0447\u0430\u0441 \u0447\u0438\u0442\u0430\u043d\u043d\u044f":"2 \u0445\u0432\u0438\u043b\u0438\u043d\u0438"},"schema":{"@context":"https:\/\/schema.org","@graph":[{"@type":"WebPage","@id":"https:\/\/www.jankaras.sk\/zasady-ochrany-osobnych-udajov\/","url":"https:\/\/www.jankaras.sk\/zasady-ochrany-osobnych-udajov\/","name":"Z\u00e1sady ochrany osobn\u00fdch \u00fadajov (GDPR) - PhDr. J\u00e1n Karas","isPartOf":{"@id":"https:\/\/www.jankaras.sk\/#website"},"primaryImageOfPage":{"@id":"https:\/\/www.jankaras.sk\/zasady-ochrany-osobnych-udajov\/#primaryimage"},"image":{"@id":"https:\/\/www.jankaras.sk\/zasady-ochrany-osobnych-udajov\/#primaryimage"},"thumbnailUrl":"https:\/\/www.jankaras.sk\/wp-content\/uploads\/2024\/06\/jan-karas-ikona-kontakt.jpg","datePublished":"2024-06-04T20:31:40+00:00","dateModified":"2025-07-02T10:05:04+00:00","description":"PhDr. J\u00e1n Karas - L\u00e1skavos\u0165 a empatia. P\u00e1rov\u00fd poradca, medi\u00e1tor, kr\u00edzov\u00fd intervent, lektor - Pre\u0161ov","breadcrumb":{"@id":"https:\/\/www.jankaras.sk\/zasady-ochrany-osobnych-udajov\/#breadcrumb"},"inLanguage":"uk","potentialAction":[{"@type":"ReadAction","target":["https:\/\/www.jankaras.sk\/zasady-ochrany-osobnych-udajov\/"]}]},{"@type":"ImageObject","inLanguage":"uk","@id":"https:\/\/www.jankaras.sk\/zasady-ochrany-osobnych-udajov\/#primaryimage","url":"https:\/\/www.jankaras.sk\/wp-content\/uploads\/2024\/06\/jan-karas-ikona-kontakt.jpg","contentUrl":"https:\/\/www.jankaras.sk\/wp-content\/uploads\/2024\/06\/jan-karas-ikona-kontakt.jpg","width":300,"height":300},{"@type":"BreadcrumbList","@id":"https:\/\/www.jankaras.sk\/zasady-ochrany-osobnych-udajov\/#breadcrumb","itemListElement":[{"@type":"ListItem","position":1,"name":"Domovsk\u00e1 str\u00e1nka","item":"https:\/\/www.jankaras.sk\/"},{"@type":"ListItem","position":2,"name":"Z\u00e1sady ochrany osobn\u00fdch \u00fadajov (GDPR)"}]},{"@type":"WebSite","@id":"https:\/\/www.jankaras.sk\/#website","url":"https:\/\/www.jankaras.sk\/","name":"PhDr. J\u00e1n Karas","description":"l\u00e1skavos\u0165 a\u00a0empatia","publisher":{"@id":"https:\/\/www.jankaras.sk\/#organization"},"potentialAction":[{"@type":"SearchAction","target":{"@type":"EntryPoint","urlTemplate":"https:\/\/www.jankaras.sk\/?s={search_term_string}"},"query-input":{"@type":"PropertyValueSpecification","valueRequired":true,"valueName":"search_term_string"}}],"inLanguage":"uk"},{"@type":"Organization","@id":"https:\/\/www.jankaras.sk\/#organization","name":"PhDr. J\u00e1n Karas","url":"https:\/\/www.jankaras.sk\/","logo":{"@type":"ImageObject","inLanguage":"uk","@id":"https:\/\/www.jankaras.sk\/#\/schema\/logo\/image\/","url":"https:\/\/www.jankaras.sk\/wp-content\/uploads\/2024\/06\/jankaras-logo-header.png","contentUrl":"https:\/\/www.jankaras.sk\/wp-content\/uploads\/2024\/06\/jankaras-logo-header.png","width":500,"height":167,"caption":"PhDr. J\u00e1n Karas"},"image":{"@id":"https:\/\/www.jankaras.sk\/#\/schema\/logo\/image\/"}}]}},"_links":{"self":[{"href":"https:\/\/www.jankaras.sk\/ua\/wp-json\/wp\/v2\/pages\/972","targetHints":{"allow":["GET"]}}],"collection":[{"href":"https:\/\/www.jankaras.sk\/ua\/wp-json\/wp\/v2\/pages"}],"about":[{"href":"https:\/\/www.jankaras.sk\/ua\/wp-json\/wp\/v2\/types\/page"}],"author":[{"embeddable":true,"href":"https:\/\/www.jankaras.sk\/ua\/wp-json\/wp\/v2\/users\/2"}],"replies":[{"embeddable":true,"href":"https:\/\/www.jankaras.sk\/ua\/wp-json\/wp\/v2\/comments?post=972"}],"version-history":[{"count":4,"href":"https:\/\/www.jankaras.sk\/ua\/wp-json\/wp\/v2\/pages\/972\/revisions"}],"predecessor-version":[{"id":3352,"href":"https:\/\/www.jankaras.sk\/ua\/wp-json\/wp\/v2\/pages\/972\/revisions\/3352"}],"wp:featuredmedia":[{"embeddable":true,"href":"https:\/\/www.jankaras.sk\/ua\/wp-json\/wp\/v2\/media\/964"}],"wp:attachment":[{"href":"https:\/\/www.jankaras.sk\/ua\/wp-json\/wp\/v2\/media?parent=972"}],"curies":[{"name":"wp","href":"https:\/\/api.w.org\/{rel}","templated":true}]}}